{"id":599,"date":"2020-04-15T18:06:51","date_gmt":"2020-04-15T18:06:51","guid":{"rendered":"http:\/\/lngaltamira.com\/tla20\/?page_id=599"},"modified":"2025-06-12T14:11:40","modified_gmt":"2025-06-12T20:11:40","slug":"boletin-electronico","status":"publish","type":"page","link":"https:\/\/lngaltamira.com\/tla20\/boletin-electronico\/","title":{"rendered":"Bolet\u00edn Electr\u00f3nico"},"content":{"rendered":"<p>Modelos de contrato para la prestaci\u00f3n del servicio<\/p>\r\n<p>Para obtener la informaci\u00f3n del punto del resolutivo, favor de hacer clic en la liga correspondiente. \u00bfDudas acerca de esta informaci\u00f3n? <strong><a href=\"http:\/\/lngaltamira.com\/tla20\/#contacto\">Escr\u00edbenos.<\/a><\/strong><\/p>\r\n<p>&nbsp;<\/p>\r\n\r\n\r\n\r\n\r\n\r\n<div class=\"wp-block-columns is-layout-flex wp-container-3\">\r\n<div class=\"wp-block-column is-layout-flow\">\r\n<ul class=\"boletines\">\r\n<li><a href=\"\/documentos\/Permiso_G_138_ALM_2003.pdf\" target=\"_blank\" rel=\"noopener noreferrer\">Permiso de Almacenamiento de Gas Natural<\/a><\/li>\r\n<li><a href=\"\/documentos\/DescGralSisAlm.pdf\" target=\"_blank\" rel=\"noopener noreferrer\">Descripci\u00f3n general del Sistema de Almacenamiento<\/a><\/li>\r\n<li>\t\t<a\t\t\t\thref=\"javascript:void(0)\"\n\t\t\t\tclass=\"sgpb-show-popup sgpb-popup-id-664\"\n\t\tdata-sgpbpopupid=\"664\"\n\t\tdata-popup-event=\"click\"\n\t\t>\n\t\tCapacidad operativa del sistema (Proceso de recepci\u00f3n y entrega)\t\t<\/a>\n\t\t<\/li>\r\n<li>\t\t<a\t\t\t\thref=\"javascript:void(0)\"\n\t\t\t\tclass=\"sgpb-show-popup sgpb-popup-id-669\"\n\t\tdata-sgpbpopupid=\"669\"\n\t\tdata-popup-event=\"click\"\n\t\t>\n\t\tMetodolog\u00edas para determinar capacidad operativa y disponible, as\u00ed como los dict\u00e1menes de certificaci\u00f3n de capacidad\t\t<\/a>\n\t\t<\/li>\r\n<li>\t\t<a\t\t\t\thref=\"javascript:void(0)\"\n\t\t\t\tclass=\"sgpb-show-popup sgpb-popup-id-610\"\n\t\tdata-sgpbpopupid=\"610\"\n\t\tdata-popup-event=\"click\"\n\t\t>\n\t\tCapacidad de desalojo del GN almacenado\t\t<\/a>\n\t\t<\/li>\r\n<li>\t\t<a\t\t\t\thref=\"javascript:void(0)\"\n\t\t\t\tclass=\"sgpb-show-popup sgpb-popup-id-671\"\n\t\tdata-sgpbpopupid=\"671\"\n\t\tdata-popup-event=\"click\"\n\t\t>\n\t\tPorcentaje de la capacidad autorizada para usos propios\t\t<\/a>\n\t\t<\/li>\r\n<li><a href=\"\/documentos\/TCPS-TLA.pdf\" target=\"_blank\" rel=\"noopener noreferrer\">T\u00e9rminos y Condiciones para la Prestaci\u00f3n del Servicio (TCPS)<\/a><\/li>\r\n<li><a href=\"\/documentos\/Tarifas maximas aprobadas.pdf\" target=\"_blank\" rel=\"noopener noreferrer\">Tarifas m\u00e1ximas aprobadas por la Comisi\u00f3n<\/a><\/li>\r\n<li>\t\t<a\t\t\t\thref=\"javascript:void(0)\"\n\t\t\t\tclass=\"sgpb-show-popup sgpb-popup-id-673\"\n\t\tdata-sgpbpopupid=\"673\"\n\t\tdata-popup-event=\"click\"\n\t\t>\n\t\tModelos de contrato para la prestaci\u00f3n del servicio\t\t<\/a>\n\t\t<\/li>\r\n<li>\t\t<a\t\t\t\thref=\"javascript:void(0)\"\n\t\t\t\tclass=\"sgpb-show-popup sgpb-popup-id-674\"\n\t\tdata-sgpbpopupid=\"674\"\n\t\tdata-popup-event=\"click\"\n\t\t>\n\t\tFormato de solicitud de servicio, procedimientos y plazos\t\t<\/a>\n\t\t<\/li>\r\n<li>\t\t<a\t\t\t\thref=\"javascript:void(0)\"\n\t\t\t\tclass=\"sgpb-show-popup sgpb-popup-id-676\"\n\t\tdata-sgpbpopupid=\"676\"\n\t\tdata-popup-event=\"click\"\n\t\t>\n\t\tRegistro de versiones p\u00fablicas de los contratos firmados que se encuentren vigentes\t\t<\/a>\n\t\t<\/li>\r\n<li><a href=\"\/documentos\/ContrIntercPMXTLA.pdf\" target=\"_blank\" rel=\"noopener noreferrer\">Registro de versiones p\u00fablicas de los contratos de interconexi\u00f3n celebrados con los Usuarios<\/a><\/li>\r\n<li>\t\t<a\t\t\t\thref=\"javascript:void(0)\"\n\t\t\t\tclass=\"sgpb-show-popup sgpb-popup-id-678\"\n\t\tdata-sgpbpopupid=\"678\"\n\t\tdata-popup-event=\"click\"\n\t\t>\n\t\tAvisos e informaci\u00f3n sobre las Temporadas Abiertas\t\t<\/a>\n\t\t<\/li>\r\n<li>\t\t<a\t\t\t\thref=\"javascript:void(0)\"\n\t\t\t\tclass=\"sgpb-show-popup sgpb-popup-id-680\"\n\t\tdata-sgpbpopupid=\"680\"\n\t\tdata-popup-event=\"click\"\n\t\t>\n\t\tRegistro de versiones p\u00fablicas de las condiciones especiales pactadas\t\t<\/a>\n\t\t<\/li>\r\n<li>\t\t<a\t\t\t\thref=\"javascript:void(0)\"\n\t\t\t\tclass=\"sgpb-show-popup sgpb-popup-id-682\"\n\t\tdata-sgpbpopupid=\"682\"\n\t\tdata-popup-event=\"click\"\n\t\t>\n\t\tRegistro del n\u00famero de las solicitudes de servicio atendidas y no atendidas\t\t<\/a>\n\t\t<\/li>\r\n<\/ul>\r\n<\/div>\r\n\r\n\r\n\r\n<div class=\"wp-block-column is-layout-flow\">\r\n<ul class=\"boletines\">\r\n<li>\t\t<a\t\t\t\thref=\"javascript:void(0)\"\n\t\t\t\tclass=\"sgpb-show-popup sgpb-popup-id-622\"\n\t\tdata-sgpbpopupid=\"622\"\n\t\tdata-popup-event=\"click\"\n\t\t>\n\t\tRegistro de versiones p\u00fablicas de los contratos de servicio en base firme en condiciones especiales\t\t<\/a>\n\t\t<\/li>\r\n<li>\t\t<a\t\t\t\thref=\"javascript:void(0)\"\n\t\t\t\tclass=\"sgpb-show-popup sgpb-popup-id-685\"\n\t\tdata-sgpbpopupid=\"685\"\n\t\tdata-popup-event=\"click\"\n\t\t>\n\t\tAvisos sobre los proyectos de Ampliaciones o Extensiones\t\t<\/a>\n\t\t<\/li>\r\n<li><a href=\"\/documentos\/proc_cesiones_capacidad.pdf\">Procedimientos para asignar la capacidad objeto de cesiones de capacidad<\/a><\/li>\r\n<li>\t\t<a\t\t\t\thref=\"javascript:void(0)\"\n\t\t\t\tclass=\"sgpb-show-popup sgpb-popup-id-2126\"\n\t\tdata-sgpbpopupid=\"2126\"\n\t\tdata-popup-event=\"click\"\n\t\t>\n\t\tAvisos de cesiones de capacidad \t\t<\/a>\n\t\t<\/li>\r\n<li>\t\t<a\t\t\t\thref=\"javascript:void(0)\"\n\t\t\t\tclass=\"sgpb-show-popup sgpb-popup-id-688\"\n\t\tdata-sgpbpopupid=\"688\"\n\t\tdata-popup-event=\"click\"\n\t\t>\n\t\tCalendario del programa de mantenimiento programado en los sistemas\t\t<\/a>\n\t\t<\/li>\r\n<li>\t\t<a\t\t\t\thref=\"javascript:void(0)\"\n\t\t\t\tclass=\"sgpb-show-popup sgpb-popup-id-689\"\n\t\tdata-sgpbpopupid=\"689\"\n\t\tdata-popup-event=\"click\"\n\t\t>\n\t\tAviso de ocurrencia de una Alerta cr\u00edtica\t\t<\/a>\n\t\t<\/li>\r\n<li>\t\t<a\t\t\t\thref=\"javascript:void(0)\"\n\t\t\t\tclass=\"sgpb-show-popup sgpb-popup-id-690\"\n\t\tdata-sgpbpopupid=\"690\"\n\t\tdata-popup-event=\"click\"\n\t\t>\n\t\tDescripci\u00f3n de los mecanismos para la atenci\u00f3n inmediata de emergencias en el Sistema\t\t<\/a>\n\t\t<\/li>\r\n<li>\t\t<a\t\t\t\thref=\"javascript:void(0)\"\n\t\t\t\tclass=\"sgpb-show-popup sgpb-popup-id-692\"\n\t\tdata-sgpbpopupid=\"692\"\n\t\tdata-popup-event=\"click\"\n\t\t>\n\t\tCapacidad disponible para cesi\u00f3n\t\t<\/a>\n\t\t<\/li>\r\n<li>\t\t<a\t\t\t\thref=\"javascript:void(0)\"\n\t\t\t\tclass=\"sgpb-show-popup sgpb-popup-id-694\"\n\t\tdata-sgpbpopupid=\"694\"\n\t\tdata-popup-event=\"click\"\n\t\t>\n\t\tCapacidad reservada bajo contratos de servicio en base firme\t\t<\/a>\n\t\t<\/li>\r\n<li>\t\t<a\t\t\t\thref=\"javascript:void(0)\"\n\t\t\t\tclass=\"sgpb-show-popup sgpb-popup-id-695\"\n\t\tdata-sgpbpopupid=\"695\"\n\t\tdata-popup-event=\"click\"\n\t\t>\n\t\tCapacidad disponible para servicios en base firme sujeto a procesos de Temporada Abierta\t\t<\/a>\n\t\t<\/li>\r\n<li><a href=\"\/tla20\/volumenes-y-calidad-del-gas-natural\/\" target=\"_blank\" rel=\"noopener noreferrer\">Vol\u00famenes y calidad del Gas Natural inyectado y extra\u00eddo en base diaria, transportados o almacenados durante la semana inmediata anterior por puntos origen-destino, trayecto, zona de transporte, tanque de almacenamiento, etc.<\/a><\/li>\r\n<li>\t\t<a\t\t\t\thref=\"javascript:void(0)\"\n\t\t\t\tclass=\"sgpb-show-popup sgpb-popup-id-696\"\n\t\tdata-sgpbpopupid=\"696\"\n\t\tdata-popup-event=\"click\"\n\t\t>\n\t\tCapacidad disponible para prestar el servicio en base interrumpible\t\t<\/a>\n\t\t<\/li>\r\n<li><a href=\"\/tla20\/pedidos-confirmados-por-puntos-origen-destino-trayecto-zona-de-transporte\/\" target=\"_blank\" rel=\"noopener noreferrer\">Pedidos confirmados por puntos origen-destino, trayecto, zona de transporte<\/a><\/li>\r\n<li>\t\t<a\t\t\t\thref=\"javascript:void(0)\"\n\t\t\t\tclass=\"sgpb-show-popup sgpb-popup-id-698\"\n\t\tdata-sgpbpopupid=\"698\"\n\t\tdata-popup-event=\"click\"\n\t\t>\n\t\tAvisos para asignar capacidad objeto de cesiones de capacidades temporales por parte de los usuarios\t\t<\/a>\n\t\t<\/li>\r\n<li>\t\t<a\t\t\t\thref=\"javascript:void(0)\"\n\t\t\t\tclass=\"sgpb-show-popup sgpb-popup-id-702\"\n\t\tdata-sgpbpopupid=\"702\"\n\t\tdata-popup-event=\"click\"\n\t\t>\n\t\tCriterios de evaluaci\u00f3n de las solicitudes de servicio y de asignaci\u00f3n de la capacidad que no sea objeto de una Temporada Abierta\t\t<\/a>\n\t\t<\/li>\r\n<\/ul>\r\n<\/div>\r\n<\/div>\r\n\r\n\r\n","protected":false},"excerpt":{"rendered":"<p>Modelos de contrato para la prestaci\u00f3n del servicio Para obtener la informaci\u00f3n del punto del resolutivo, favor de hacer clic en la liga correspondiente. \u00bfDudas acerca de esta informaci\u00f3n? Escr\u00edbenos. &nbsp; Permiso de Almacenamiento de Gas Natural Descripci\u00f3n general del Sistema de Almacenamiento T\u00e9rminos y Condiciones para la Prestaci\u00f3n del Servicio (TCPS) Tarifas m\u00e1ximas aprobadas [&hellip;]<\/p>\n","protected":false},"author":1,"featured_media":0,"parent":0,"menu_order":0,"comment_status":"closed","ping_status":"closed","template":"boletin_plantilla.php","meta":[],"_links":{"self":[{"href":"https:\/\/lngaltamira.com\/tla20\/wp-json\/wp\/v2\/pages\/599"}],"collection":[{"href":"https:\/\/lngaltamira.com\/tla20\/wp-json\/wp\/v2\/pages"}],"about":[{"href":"https:\/\/lngaltamira.com\/tla20\/wp-json\/wp\/v2\/types\/page"}],"author":[{"embeddable":true,"href":"https:\/\/lngaltamira.com\/tla20\/wp-json\/wp\/v2\/users\/1"}],"replies":[{"embeddable":true,"href":"https:\/\/lngaltamira.com\/tla20\/wp-json\/wp\/v2\/comments?post=599"}],"version-history":[{"count":58,"href":"https:\/\/lngaltamira.com\/tla20\/wp-json\/wp\/v2\/pages\/599\/revisions"}],"predecessor-version":[{"id":3133,"href":"https:\/\/lngaltamira.com\/tla20\/wp-json\/wp\/v2\/pages\/599\/revisions\/3133"}],"wp:attachment":[{"href":"https:\/\/lngaltamira.com\/tla20\/wp-json\/wp\/v2\/media?parent=599"}],"curies":[{"name":"wp","href":"https:\/\/api.w.org\/{rel}","templated":true}]}}