{"id":1004,"date":"2020-07-24T12:13:43","date_gmt":"2020-07-24T18:13:43","guid":{"rendered":"https:\/\/lngaltamira.com\/tla20\/?page_id=1004"},"modified":"2022-07-22T12:03:38","modified_gmt":"2022-07-22T18:03:38","slug":"aviso","status":"publish","type":"page","link":"https:\/\/lngaltamira.com\/tla20\/aviso\/","title":{"rendered":"Aviso de Privacidad"},"content":{"rendered":"<p>En t\u00e9rminos de la Ley Federal de Protecci\u00f3n de Datos Personales en Posesi\u00f3n de los Particulares ( \u201cLFPDPPP\u201d o \u201cLey\u201d) y dem\u00e1s legislaci\u00f3n aplicable, Terminal de LNG de Altamira S. de R.L. de C.V., (\u201cTLA\u201d), as\u00ed como su personal acreditado, recabamos informaci\u00f3n, y algunos de sus Datos Personales y Datos Personales Sensibles definidos en la Ley (\u201cDatos\u201d) para los fines establecidos en los documentos, mensajes y\/o comunicaciones propios a dicha relaci\u00f3n, en los t\u00e9rminos se\u00f1alados en el presente aviso de privacidad (\u201cAviso\u201d o \u201cAviso de Privacidad\u201d).<\/p>\n<p>De conformidad con la LFPDPPP, Terminal de LNG de Altamira S. de R.L. de C.V. ser\u00e1 el responsable (\u201cResponsable\u201d) de los Datos mencionados, as\u00ed como de su transferencia a sus filiales, empresas relacionadas o terceros contratados por estos para realizar servicios en nombre o en favor de TLA, en M\u00e9xico o en el extranjero, se\u00f1alando como domicilio para efectos del presente Aviso, aquel ubicado en R\u00edo Palmas s\/n, Col. Puerto Industrial. Altamira, Tamaulipas, CP 89603, M\u00e9xico.<\/p>\n<p>Al ejercer esta relaci\u00f3n, Usted otorga consentimiento para el tratamiento de sus Datos para dichos fines de acuerdo con estos t\u00e9rminos y condiciones consider\u00e1ndosele como Titular de datos en t\u00e9rminos de la Ley, con independencia de que se remitan expl\u00edcitamente, Para efectos del presente Aviso de Privacidad, se entiende que Usted ha comprendido y aceptado sus t\u00e9rminos al otorgar su consentimiento t\u00e1cito o expreso para la recopilaci\u00f3n y el tratamiento de sus Datos Personales. Lo anterior de conformidad con la LFPDPPP.<\/p>\n<p>S\u00f3lo podr\u00e1n dar consentimiento respecto de sus Datos las personas mayores de 18 a\u00f1os.<\/p>\n<p>Sus Datos los tratamos como estrictamente confidenciales, siendo utilizados para cualesquiera de las siguientes finalidades principales:<\/p>\n<ol>\n<li>Identificarle, ubicarle, comunicarle o contactarle.<\/li>\n<li>Enviarle informaci\u00f3n, permitirle la descarga de informaci\u00f3n y atender sus comentarios.<\/li>\n<li>Actos relacionados a los servicios que puedan prestarse en el sector energ\u00e9tico mexicano de acuerdo con la Ley de Hidrocarburos y todas las disposiciones jur\u00eddicas o regulatorias que la instrumenten o se le relacionen.<\/li>\n<li>Agregar estad\u00edsticamente la oferta y demanda de productos y servicios del mercado energ\u00e9tico de los Estados Unidos Mexicanos, de manera estricta y absolutamente confidencial. Dichas agregaciones no contienen datos sensibles, ni ser\u00e1n tercerizadas o comercializadas al componerse por Informaci\u00f3n Confidencial obtenida y manejada por TLA.<\/li>\n<li>Evaluaci\u00f3n de posibles relaciones laborales, comerciales o de servicios, o su ejecuci\u00f3n, en caso de que aplique, potenciales procesos administrativos o judiciales que involucren al titular de los Datos, etc.<\/li>\n<li>Asegurar el cumplimiento de todo tipo de obligaciones legales.<\/li>\n<li>Enviarle notificaciones con respecto a cambios en este Aviso.<\/li>\n<\/ol>\n<p>&nbsp;<\/p>\n<p>TLA podr\u00e1 recolectar la totalidad o algunos de los siguientes Datos:<\/p>\n<ol>\n<li>Datos de identificaci\u00f3n: nombre completo, lugar y fecha de nacimiento, nacionalidad, edad, estado civil, g\u00e9nero, imagen, representante legal, escolaridad y\/o perfil profesional, perfil de su representada.<\/li>\n<li>Datos de contacto: domicilio, correo electr\u00f3nico, tel\u00e9fono fijo y tel\u00e9fono m\u00f3vil.<\/li>\n<li>Perfil y\/o intereses comerciales o legales o regulatorios, ubicaci\u00f3n geogr\u00e1fica u otros datos para definir su interacci\u00f3n con TLA.<\/li>\n<\/ol>\n<p>Sus Datos tambi\u00e9n pueden ser recabados por la compa\u00f1\u00eda, a trav\u00e9s de la totalidad de las redes sociales (Twitter y LinkedIn, entre otros), servicios de mensajes cortos (SMS) y sistemas de mensajer\u00eda instant\u00e1nea por internet (WhatsApp, Telegram, Signal, Google Meet, Microsoft Teams, entre otros).<\/p>\n<p>De igual forma, durante su visita a las p\u00e1ginas de internet de TLA, esta podr\u00e1 recabar autom\u00e1ticamente la siguiente informaci\u00f3n:<\/p>\n<ol>\n<li>El dominio y servidor desde el que ingresa a internet.<\/li>\n<li>La direcci\u00f3n de Internet de la p\u00e1gina desde la que se enlazo\u0301 directamente a nuestra p\u00e1gina, en su caso.<\/li>\n<li>La fecha y hora en la que ingreso\u0301 a nuestra p\u00e1gina, cu\u00e1nto tiempo permaneci\u00f3 en la p\u00e1gina y que\u0301 \u00e1reas de la misma ha visitado.<\/li>\n<li>Su direcci\u00f3n de protocolo de internet (Direcci\u00f3n IP).<\/li>\n<li>El sistema operativo de su computadora y el software del navegador.<\/li>\n<\/ol>\n<p>Como Titular, es su responsabilidad el garantizar que los Datos facilitados a TLA sean veraces y completos, as\u00ed como comunicar a TLA cualquier modificaci\u00f3n en los mismos a efecto de que se pueda cumplir con la obligaci\u00f3n de mantener la informaci\u00f3n actualizada.<\/p>\n<p>Los Datos son obtenidos y almacenados en nuestros servicios inform\u00e1ticos.<\/p>\n<p>TLA puede emplear a terceros para manejar estas medidas de ejecuci\u00f3n, sin embargo, en ning\u00fan perfilar\u00e1n los Datos para definir la identidad individual de cualquier visitante. Dichos terceros deber\u00e1n observar nuestros est\u00e1ndares de privacidad y proporcionarnos \u00fanicamente la informaci\u00f3n en su totalidad, para utilizarla s\u00f3lo para los prop\u00f3sitos para los que el tercero fue contratado, y despu\u00e9s destruir dicha informaci\u00f3n.<\/p>\n<p>La temporalidad del manejo de los Datos Personales y\/o Datos Sensibles, salvo que la Ley defina otro supuesto, ser\u00e1 indefinida, comenzando a partir de la fecha en la que los Datos fueron proporcionados a TLA.<\/p>\n<p>Una vez que usted transfiera sus Datos a TLA, estos ser\u00e1n conservados en medios tecnol\u00f3gicos seguros, cuyo acceso se limita \u00fanicamente a las personas f\u00edsicas y\/o jur\u00eddicas con las que TLA tenga alguna relaci\u00f3n legal, de este modo, la privacidad y confidencialidad de sus Datos son salvaguardadas a trav\u00e9s de medidas de seguridad administrativa, legal, t\u00e9cnica y f\u00edsica, que en su conjunto ofrecen protecci\u00f3n razonable contra da\u00f1o, p\u00e9rdida, alteraci\u00f3n no autorizada, destrucci\u00f3n, diseminaci\u00f3n, uso, acceso o tratamiento no autorizado.<\/p>\n<p>En caso de que ocurra alguna brecha o intrusi\u00f3n en las medidas de seguridad mencionadas en el p\u00e1rrafo anterior, que afecte significativamente los derechos patrimoniales o morales provenientes o directamente relacionados con sus Datos Personales en posesi\u00f3n de TLA, esta le ser\u00e1 comunicada a trav\u00e9s de los medios de contacto que Usted nos haya proporcionado con anterioridad, de esta manera, Usted se colocar\u00e1 en la posibilidad de ejercer libremente las medidas y recursos pertinentes para realizar la defensa de sus derechos.<\/p>\n<p>En caso de que alguna autoridad requiera la transferencia de los Datos, TLA podr\u00e1 compart\u00edrselos, en los t\u00e9rminos establecidos por la Ley.<\/p>\n<p>Usted, como Titular de sus Datos, en los t\u00e9rminos de la Ley tiene derecho a ejercer los siguientes derechos de Acceso, Rectificaci\u00f3n, Cancelaci\u00f3n u Oposici\u00f3n (\u201cDerechos ARCO\u201d), bajo las siguientes gu\u00edas generales:<\/p>\n<ol>\n<li>Acceder a sus Datos en posesi\u00f3n de TLA y a los detalles del tratamiento de estos, as\u00ed como conocer el presente Aviso de Privacidad.<\/li>\n<li>Rectificarlos cuando sean inexactos o incompletos.<\/li>\n<li>Cancelarlos cuando considere que no se requieren para alguna de las finalidades se\u00f1aladas en el presente Aviso o considere que son utilizados para finalidades no consentidas.<\/li>\n<li>Oponerse al tratamiento de sus Datos para fines espec\u00edficos o limitar su uso o divulgaci\u00f3n.<\/li>\n<\/ol>\n<p>Si desea ejercer los Derechos ARCO que le otorga la Ley, es necesario que presente una solicitud escrita, electr\u00f3nica o telef\u00f3nica (\u201cSolicitud\u201d), a Terminal de LNG de Altamira S. de R.L. de C.V., a la direcci\u00f3n indicada en el presente Aviso o a la direcci\u00f3n electr\u00f3nica tla.datos.personales.mx@lngaltamira.com. Si TLA no cuenta con un pronunciamiento suyo, seleccionar\u00e1 libremente un medio para enviarle informaci\u00f3n de seguimiento de su Solicitud.<\/p>\n<p>El ejercicio de los Derechos ARCO es gratuito, debiendo cubrir el Titular \u00fanicamente los gastos de env\u00edo, reproducci\u00f3n y, en su caso, certificaci\u00f3n de documentos.<\/p>\n<p>El tratamiento de sus Datos se realizar\u00e1 conforme al presente Aviso, hasta en tanto Usted manifieste por escrito su oposici\u00f3n mediante alguno de los medios que permite la Ley.<\/p>\n<p>Usted tiene derecho a que TLA le informe sobre cualesquier transferencia o difusi\u00f3n de sus Datos en favor de un tercero y a oponerse a esta. Dicha oposici\u00f3n puede realizarse en contra de cualquier transferencia, con independencia del medio por el que se ejecute, como escrito, tel\u00e9fono, correo electr\u00f3nico, soporte \u00f3ptico o magn\u00e9tico, o cualquier otro que la tecnolog\u00eda permita.<\/p>\n<p>TLA dar\u00e1 respuesta a las Solicitudes del Titular, previa acreditaci\u00f3n de su identidad, a trav\u00e9s de la presentaci\u00f3n de copia de su documento de identificaci\u00f3n y previo cotejo del original. Tambi\u00e9n podr\u00e1n ser admisibles los instrumentos electr\u00f3nicos por medio de los cuales sea posible identificar fehacientemente al Titular, u otros mecanismos de autenticaci\u00f3n permitidos por otras disposiciones legales o reglamentarias, o aqu\u00e9llos previamente reconocidos por TLA. La utilizaci\u00f3n de firma electr\u00f3nica avanzada o del instrumento electr\u00f3nico que lo sustituya eximir\u00e1 de la presentaci\u00f3n de la copia del documento de identificaci\u00f3n.<\/p>\n<p>En t\u00e9rminos de la Ley, toda Solicitud deber\u00e1 contener lo siguiente:<\/p>\n<ol>\n<li>El nombre del Titular y domicilio u otro medio para comunicarle la respuesta a su solicitud.<\/li>\n<li>Los documentos que acrediten la identidad o, en su caso, la representaci\u00f3n legal del Titular.<\/li>\n<li>La descripci\u00f3n clara y precisa de los Datos respecto de los que se busca ejercer los Derechos ARCO.<\/li>\n<li>Cualquier otro elemento o documento alguno de que facilite la localizaci\u00f3n de los Datos Personales.<\/li>\n<\/ol>\n<p>En caso de que el Titular no se\u00f1ale su domicilio, la solicitud se tendr\u00e1 por no presentada. Dej\u00e1ndose constancia de lo anterior por TLA.<\/p>\n<p>TLA tendr\u00e1 un plazo de veinte d\u00edas h\u00e1biles contados a partir de la fecha de la Solicitud o a partir de que el Titular solvente cualquier requerimiento de informaci\u00f3n que le realice TLA, para comunicarle a dicho Titular si se acepta o no la Solicitud.<\/p>\n<p>En caso de que la Solicitud sea aceptada, se har\u00e1 efectiva dentro de los quince d\u00edas h\u00e1biles siguientes. Los plazos referidos podr\u00e1n ser ampliados una sola vez por un periodo equivalente, siempre y cuando as\u00ed lo justifiquen las circunstancias del caso.<\/p>\n<p>La respuesta al Titular se referir\u00e1 exclusivamente a los Datos Personales que espec\u00edficamente se hayan indicado en la Solicitud.<\/p>\n<p>Los Titulares podr\u00e1n revocar el consentimiento para el tratamiento de sus Datos en cualquier momento, para lo cual deber\u00e1n de presentar una Solicitud ante TLA.<\/p>\n<p>Si usted desea dejar de recibir comunicados de nuestra parte puede solicitarlo a trav\u00e9s del correo tla.datos.personales.mx@lngaltamira.com<\/p>\n<p>Si TLA requiere usar sus Datos con fines distintos a los acordados al tenor de la relaci\u00f3n jur\u00eddica definida con Usted, se le notificar\u00e1n y explicar\u00e1n los nuevos usos que pretenda darle a dichos Datos, a fin de recabar su autorizaci\u00f3n.<\/p>\n<p>TLA proporciona a sus proveedores, contratistas o prestadores de servicios, una copia de este aviso y se les transferir\u00e1n \u00fanicamente los Datos que necesiten para llevar a cabo los servicios establecidos y no la utilicen para otros fines.<\/p>\n<p>TLA se reserva el derecho de modificar en cualquier momento el presente Aviso de Privacidad para cumplir con actualizaciones legislativas, jurisprudenciales, pol\u00edticas internas, nuevos requisitos para la prestaci\u00f3n de servicios o cualquier otra causa legalmente aceptable.<\/p>\n<p>Cualquier modificaci\u00f3n y actualizaci\u00f3n del presente Aviso estar\u00e1 disponible en las plataformas o instalaciones en que sea utilizado (p\u00e1gina de internet de TLA (https:\/\/lngaltamira.com\/tla20\/aviso), Portal de Proveedores, instalaciones f\u00edsicas y oficinas de TLA, etc.).<\/p>\n<p>El presente Aviso de Privacidad, as\u00ed como el manejo en general de la Ley que haga TLA, se rige por la legislaci\u00f3n vigente y aplicable en los Estados Unidos Mexicanos por lo que cualquier controversia que se suscite con motivo de su aplicaci\u00f3n deber\u00e1 ventilarse ante los \u00f3rganos jurisdiccionales competentes en la Ciudad de M\u00e9xico.<\/p>\n<p>Ultima actualizaci\u00f3n: 22 de Julio de 2022.<\/p>\n","protected":false},"excerpt":{"rendered":"<p>En t\u00e9rminos de la Ley Federal de Protecci\u00f3n de Datos Personales en Posesi\u00f3n de los Particulares ( \u201cLFPDPPP\u201d o \u201cLey\u201d) y dem\u00e1s legislaci\u00f3n aplicable, Terminal de LNG de Altamira S. de R.L. de C.V., (\u201cTLA\u201d), as\u00ed como su personal acreditado, recabamos informaci\u00f3n, y algunos de sus Datos Personales y Datos Personales Sensibles definidos en la [&hellip;]<\/p>\n","protected":false},"author":4,"featured_media":0,"parent":0,"menu_order":0,"comment_status":"closed","ping_status":"closed","template":"aviso_plantilla.php","meta":[],"_links":{"self":[{"href":"https:\/\/lngaltamira.com\/tla20\/wp-json\/wp\/v2\/pages\/1004"}],"collection":[{"href":"https:\/\/lngaltamira.com\/tla20\/wp-json\/wp\/v2\/pages"}],"about":[{"href":"https:\/\/lngaltamira.com\/tla20\/wp-json\/wp\/v2\/types\/page"}],"author":[{"embeddable":true,"href":"https:\/\/lngaltamira.com\/tla20\/wp-json\/wp\/v2\/users\/4"}],"replies":[{"embeddable":true,"href":"https:\/\/lngaltamira.com\/tla20\/wp-json\/wp\/v2\/comments?post=1004"}],"version-history":[{"count":7,"href":"https:\/\/lngaltamira.com\/tla20\/wp-json\/wp\/v2\/pages\/1004\/revisions"}],"predecessor-version":[{"id":2328,"href":"https:\/\/lngaltamira.com\/tla20\/wp-json\/wp\/v2\/pages\/1004\/revisions\/2328"}],"wp:attachment":[{"href":"https:\/\/lngaltamira.com\/tla20\/wp-json\/wp\/v2\/media?parent=1004"}],"curies":[{"name":"wp","href":"https:\/\/api.w.org\/{rel}","templated":true}]}}